{"id":13,"date":"2025-10-17T22:26:14","date_gmt":"2025-10-17T22:26:14","guid":{"rendered":"https:\/\/manadalobo.com\/?page_id=13"},"modified":"2025-10-17T22:49:24","modified_gmt":"2025-10-17T22:49:24","slug":"acerca-de","status":"publish","type":"page","link":"https:\/\/manadalobo.com\/index.php\/acerca-de\/","title":{"rendered":"Este soy yo"},"content":{"rendered":"\n<p class=\"has-x-large-font-size\">\ud83d\udc3a Sobre m\u00ed<\/p>\n\n\n\n<p>Soy Lobo, coach nutricional especializado en cetosis y estilo de vida ancestral.<br>Durante a\u00f1os prob\u00e9 todo tipo de dietas hasta descubrir lo que de verdad transforma el cuerpo y la mente: volver a la forma en que fuimos dise\u00f1ados para vivir y alimentarnos.<br>Hoy ayudo a personas de todo el mundo a recuperar su salud, su energ\u00eda y su poder interior a trav\u00e9s de la cetosis, el conocimiento y la disciplina.<br>No vendo milagros. Ense\u00f1o a entrenar la mente y alimentar al cuerpo como un aut\u00e9ntico depredador, no como una presa del sistema.<br>Este espacio es mi manada. Si est\u00e1s aqu\u00ed, no es casualidad. Est\u00e1s listo para despertar al Lobo que llevas dentro.<\/p>\n\n\n\n<figure class=\"wp-block-image size-large\"><img loading=\"lazy\" decoding=\"async\" width=\"771\" height=\"1024\" src=\"https:\/\/manadalobo.com\/wp-content\/uploads\/2025\/10\/FotoCarlos-771x1024.jpg\" alt=\"\" class=\"wp-image-34\"\/><\/figure>\n","protected":false},"excerpt":{"rendered":"<p>\ud83d\udc3a Sobre m\u00ed Soy Lobo, coach nutricional especializado en cetosis y estilo de vida ancestral.Durante a\u00f1os prob\u00e9 todo tipo de dietas hasta descubrir lo que de verdad transforma el cuerpo y la mente: volver a la forma en que fuimos dise\u00f1ados para vivir y alimentarnos.Hoy ayudo a personas de todo el mundo a recuperar su &hellip; <\/p>\n<p class=\"link-more\"><a href=\"https:\/\/manadalobo.com\/index.php\/acerca-de\/\" class=\"more-link\">Continuar leyendo<span class=\"screen-reader-text\"> \u00abEste soy yo\u00bb<\/span><\/a><\/p>\n","protected":false},"author":1,"featured_media":18,"parent":0,"menu_order":0,"comment_status":"closed","ping_status":"closed","template":"","meta":{"footnotes":""},"class_list":["post-13","page","type-page","status-publish","has-post-thumbnail","hentry"],"_links":{"self":[{"href":"https:\/\/manadalobo.com\/index.php\/wp-json\/wp\/v2\/pages\/13","targetHints":{"allow":["GET"]}}],"collection":[{"href":"https:\/\/manadalobo.com\/index.php\/wp-json\/wp\/v2\/pages"}],"about":[{"href":"https:\/\/manadalobo.com\/index.php\/wp-json\/wp\/v2\/types\/page"}],"author":[{"embeddable":true,"href":"https:\/\/manadalobo.com\/index.php\/wp-json\/wp\/v2\/users\/1"}],"replies":[{"embeddable":true,"href":"https:\/\/manadalobo.com\/index.php\/wp-json\/wp\/v2\/comments?post=13"}],"version-history":[{"count":3,"href":"https:\/\/manadalobo.com\/index.php\/wp-json\/wp\/v2\/pages\/13\/revisions"}],"predecessor-version":[{"id":43,"href":"https:\/\/manadalobo.com\/index.php\/wp-json\/wp\/v2\/pages\/13\/revisions\/43"}],"wp:featuredmedia":[{"embeddable":true,"href":"https:\/\/manadalobo.com\/index.php\/wp-json\/wp\/v2\/media\/18"}],"wp:attachment":[{"href":"https:\/\/manadalobo.com\/index.php\/wp-json\/wp\/v2\/media?parent=13"}],"curies":[{"name":"wp","href":"https:\/\/api.w.org\/{rel}","templated":true}]}}