{"id":12,"date":"2025-10-17T22:26:14","date_gmt":"2025-10-17T22:26:14","guid":{"rendered":"https:\/\/manadalobo.com\/?page_id=12"},"modified":"2025-10-20T09:59:50","modified_gmt":"2025-10-20T09:59:50","slug":"inicio","status":"publish","type":"page","link":"https:\/\/manadalobo.com\/","title":{"rendered":"Inicio"},"content":{"rendered":"\n<p>El curso Coach Nutricional Cetog\u00e9nico es una formaci\u00f3n completa creada para formar a la nueva generaci\u00f3n de profesionales que quieren entender la cetosis desde la ciencia, la experiencia y la pr\u00e1ctica real.<br>Aqu\u00ed no hay teor\u00eda vac\u00eda ni promesas de humo. Aprender\u00e1s a:<\/p>\n\n\n\n<p>Dise\u00f1ar planes cetog\u00e9nicos personalizados desde cero.<\/p>\n\n\n\n<p>Entender c\u00f3mo funcionan las hormonas, el metabolismo y la mente en cetosis.<\/p>\n\n\n\n<p>Acompa\u00f1ar a otros en su cambio f\u00edsico y emocional con resultados reales.<\/p>\n\n\n\n<p>Construir tu propia marca como coach nutricional y vivir de ello.<\/p>\n\n\n\n<p>Cada m\u00f3dulo est\u00e1 dise\u00f1ado con un enfoque profundo, humano y transformador, basado en a\u00f1os de pr\u00e1ctica y en cientos de casos reales de la manada.<\/p>\n\n\n\n<hr class=\"wp-block-separator has-alpha-channel-opacity\"\/>\n\n\n\n<figure class=\"wp-block-image size-large\"><img loading=\"lazy\" decoding=\"async\" width=\"683\" height=\"1024\" src=\"https:\/\/manadalobo.com\/wp-content\/uploads\/2025\/10\/fotoPrincipal-683x1024.jpg\" alt=\"\" class=\"wp-image-38\" srcset=\"https:\/\/manadalobo.com\/wp-content\/uploads\/2025\/10\/fotoPrincipal-683x1024.jpg 683w, https:\/\/manadalobo.com\/wp-content\/uploads\/2025\/10\/fotoPrincipal-200x300.jpg 200w, https:\/\/manadalobo.com\/wp-content\/uploads\/2025\/10\/fotoPrincipal-768x1152.jpg 768w, https:\/\/manadalobo.com\/wp-content\/uploads\/2025\/10\/fotoPrincipal.jpg 1024w\" sizes=\"auto, (max-width: 683px) 100vw, 683px\" \/><\/figure>\n\n\n\n<p>O eres Lobo\u2026 o eres presa.<br>Y si est\u00e1s aqu\u00ed, ya sabes de qu\u00e9 lado est\u00e1s.<\/p>\n\n\n\n<p><br><\/p>\n\n\n\n<p class=\"has-large-font-size\"><strong>Bienvenido a&nbsp;la&nbsp;Manada&nbsp;Lobo.<\/strong><\/p>\n\n\n\n<p><\/p>\n","protected":false},"excerpt":{"rendered":"<p>El curso Coach Nutricional Cetog\u00e9nico es una formaci\u00f3n completa creada para formar a la nueva generaci\u00f3n de profesionales que quieren entender la cetosis desde la ciencia, la experiencia y la pr\u00e1ctica real.Aqu\u00ed no hay teor\u00eda vac\u00eda ni promesas de humo. Aprender\u00e1s a: Dise\u00f1ar planes cetog\u00e9nicos personalizados desde cero. Entender c\u00f3mo funcionan las hormonas, el metabolismo &hellip; <\/p>\n<p class=\"link-more\"><a href=\"https:\/\/manadalobo.com\/\" class=\"more-link\">Continuar leyendo<span class=\"screen-reader-text\"> \u00abInicio\u00bb<\/span><\/a><\/p>\n","protected":false},"author":1,"featured_media":0,"parent":0,"menu_order":0,"comment_status":"closed","ping_status":"closed","template":"","meta":{"footnotes":""},"class_list":["post-12","page","type-page","status-publish","hentry"],"_links":{"self":[{"href":"https:\/\/manadalobo.com\/index.php\/wp-json\/wp\/v2\/pages\/12","targetHints":{"allow":["GET"]}}],"collection":[{"href":"https:\/\/manadalobo.com\/index.php\/wp-json\/wp\/v2\/pages"}],"about":[{"href":"https:\/\/manadalobo.com\/index.php\/wp-json\/wp\/v2\/types\/page"}],"author":[{"embeddable":true,"href":"https:\/\/manadalobo.com\/index.php\/wp-json\/wp\/v2\/users\/1"}],"replies":[{"embeddable":true,"href":"https:\/\/manadalobo.com\/index.php\/wp-json\/wp\/v2\/comments?post=12"}],"version-history":[{"count":6,"href":"https:\/\/manadalobo.com\/index.php\/wp-json\/wp\/v2\/pages\/12\/revisions"}],"predecessor-version":[{"id":109,"href":"https:\/\/manadalobo.com\/index.php\/wp-json\/wp\/v2\/pages\/12\/revisions\/109"}],"wp:attachment":[{"href":"https:\/\/manadalobo.com\/index.php\/wp-json\/wp\/v2\/media?parent=12"}],"curies":[{"name":"wp","href":"https:\/\/api.w.org\/{rel}","templated":true}]}}