{"id":115,"date":"2025-10-26T19:14:19","date_gmt":"2025-10-26T19:14:19","guid":{"rendered":"https:\/\/manadalobo.com\/?page_id=115"},"modified":"2025-10-27T16:38:44","modified_gmt":"2025-10-27T16:38:44","slug":"modulos","status":"publish","type":"page","link":"https:\/\/manadalobo.com\/index.php\/modulos\/","title":{"rendered":"curso coach"},"content":{"rendered":"\n<h2 class=\"wp-block-heading has-large-font-size\">Curso coach nutricional cetog\u00e9nico y Psiconutrici\u00f3n<\/h2>\n\n\n\n<p>\u00bfTe imaginas tener m\u00e1s energ\u00eda, una mente m\u00e1s clara y resultados visibles sin pasar hambre? En ManadaLobo hemos dise\u00f1ado un curso pr\u00e1ctico, accesible y basado en la experiencia real para que la dieta cetog\u00e9nica deje de ser una moda y se convierta en un estilo de vida sostenible. Nuestro curso est\u00e1 dividido en partes claras; en cada secci\u00f3n encontrar\u00e1s un enlace llamado <strong>m\u00f3dulo<\/strong> en el que obtendr\u00e1s contenido personalizado y un enlace para nuestras sesiones individuales.<\/p>\n\n\n\n<p class=\"has-medium-font-size\"><a href=\"https:\/\/manadalobo.com\/index.php\/modulo-1\/\" data-type=\"page\" data-id=\"56\">MODULO 1<\/a><\/p>\n\n\n\n<p class=\"has-medium-font-size\"><a href=\"https:\/\/manadalobo.com\/index.php\/modulo-2\/\" data-type=\"page\" data-id=\"68\">MODULO 2<\/a><\/p>\n\n\n\n<p class=\"has-medium-font-size\"><a href=\"https:\/\/manadalobo.com\/index.php\/modulo-3\/\" data-type=\"page\" data-id=\"70\">MODULO 3<\/a><\/p>\n","protected":false},"excerpt":{"rendered":"<p>Curso coach nutricional cetog\u00e9nico y Psiconutrici\u00f3n \u00bfTe imaginas tener m\u00e1s energ\u00eda, una mente m\u00e1s clara y resultados visibles sin pasar hambre? En ManadaLobo hemos dise\u00f1ado un curso pr\u00e1ctico, accesible y basado en la experiencia real para que la dieta cetog\u00e9nica deje de ser una moda y se convierta en un estilo de vida sostenible. Nuestro &hellip; <\/p>\n<p class=\"link-more\"><a href=\"https:\/\/manadalobo.com\/index.php\/modulos\/\" class=\"more-link\">Continuar leyendo<span class=\"screen-reader-text\"> \u00abcurso coach\u00bb<\/span><\/a><\/p>\n","protected":false},"author":1,"featured_media":0,"parent":0,"menu_order":0,"comment_status":"closed","ping_status":"closed","template":"","meta":{"footnotes":""},"class_list":["post-115","page","type-page","status-publish","hentry"],"_links":{"self":[{"href":"https:\/\/manadalobo.com\/index.php\/wp-json\/wp\/v2\/pages\/115","targetHints":{"allow":["GET"]}}],"collection":[{"href":"https:\/\/manadalobo.com\/index.php\/wp-json\/wp\/v2\/pages"}],"about":[{"href":"https:\/\/manadalobo.com\/index.php\/wp-json\/wp\/v2\/types\/page"}],"author":[{"embeddable":true,"href":"https:\/\/manadalobo.com\/index.php\/wp-json\/wp\/v2\/users\/1"}],"replies":[{"embeddable":true,"href":"https:\/\/manadalobo.com\/index.php\/wp-json\/wp\/v2\/comments?post=115"}],"version-history":[{"count":4,"href":"https:\/\/manadalobo.com\/index.php\/wp-json\/wp\/v2\/pages\/115\/revisions"}],"predecessor-version":[{"id":122,"href":"https:\/\/manadalobo.com\/index.php\/wp-json\/wp\/v2\/pages\/115\/revisions\/122"}],"wp:attachment":[{"href":"https:\/\/manadalobo.com\/index.php\/wp-json\/wp\/v2\/media?parent=115"}],"curies":[{"name":"wp","href":"https:\/\/api.w.org\/{rel}","templated":true}]}}